{"id":17599,"date":"2023-03-02T14:19:21","date_gmt":"2023-03-02T19:19:21","guid":{"rendered":"https:\/\/rvf.ca\/news\/playlist\/"},"modified":"2026-02-27T15:01:43","modified_gmt":"2026-02-27T20:01:43","slug":"playlist","status":"publish","type":"page","link":"https:\/\/rvf.ca\/en\/the-francophonie-to-discover\/playlist\/","title":{"rendered":"Playlist"},"content":{"rendered":"\t\t<div data-elementor-type=\"wp-page\" data-elementor-id=\"17599\" class=\"elementor elementor-17599 elementor-17578\" data-elementor-post-type=\"page\">\n\t\t\t\t<div class=\"elementor-element elementor-element-d696a2d custom-header e-flex e-con-boxed e-con e-parent\" data-id=\"d696a2d\" data-element_type=\"container\" data-e-type=\"container\" data-settings=\"{&quot;jet_parallax_layout_list&quot;:[{&quot;jet_parallax_layout_image&quot;:{&quot;url&quot;:&quot;http:\\\/\\\/rvf.ca\\\/wp-content\\\/uploads\\\/icon-feuille-rvf-10.svg&quot;,&quot;id&quot;:1552,&quot;size&quot;:&quot;&quot;,&quot;alt&quot;:&quot;&quot;,&quot;source&quot;:&quot;library&quot;},&quot;_id&quot;:&quot;1f25231&quot;,&quot;jet_parallax_layout_bg_size&quot;:&quot;cover&quot;,&quot;jet_parallax_layout_animation_prop&quot;:&quot;bgposition&quot;,&quot;jet_parallax_layout_image_laptop&quot;:{&quot;url&quot;:&quot;&quot;,&quot;id&quot;:&quot;&quot;,&quot;size&quot;:&quot;&quot;},&quot;jet_parallax_layout_image_tablet_extra&quot;:{&quot;url&quot;:&quot;&quot;,&quot;id&quot;:&quot;&quot;,&quot;size&quot;:&quot;&quot;},&quot;jet_parallax_layout_image_tablet&quot;:{&quot;url&quot;:&quot;&quot;,&quot;id&quot;:&quot;&quot;,&quot;size&quot;:&quot;&quot;},&quot;jet_parallax_layout_image_mobile_extra&quot;:{&quot;url&quot;:&quot;&quot;,&quot;id&quot;:&quot;&quot;,&quot;size&quot;:&quot;&quot;},&quot;jet_parallax_layout_image_mobile&quot;:{&quot;url&quot;:&quot;&quot;,&quot;id&quot;:&quot;&quot;,&quot;size&quot;:&quot;&quot;},&quot;jet_parallax_layout_speed&quot;:{&quot;unit&quot;:&quot;%&quot;,&quot;size&quot;:50,&quot;sizes&quot;:[]},&quot;jet_parallax_layout_type&quot;:&quot;scroll&quot;,&quot;jet_parallax_layout_direction&quot;:&quot;1&quot;,&quot;jet_parallax_layout_fx_direction&quot;:null,&quot;jet_parallax_layout_z_index&quot;:&quot;&quot;,&quot;jet_parallax_layout_bg_x&quot;:50,&quot;jet_parallax_layout_bg_x_laptop&quot;:&quot;&quot;,&quot;jet_parallax_layout_bg_x_tablet_extra&quot;:&quot;&quot;,&quot;jet_parallax_layout_bg_x_tablet&quot;:&quot;&quot;,&quot;jet_parallax_layout_bg_x_mobile_extra&quot;:&quot;&quot;,&quot;jet_parallax_layout_bg_x_mobile&quot;:&quot;&quot;,&quot;jet_parallax_layout_bg_y&quot;:50,&quot;jet_parallax_layout_bg_y_laptop&quot;:&quot;&quot;,&quot;jet_parallax_layout_bg_y_tablet_extra&quot;:&quot;&quot;,&quot;jet_parallax_layout_bg_y_tablet&quot;:&quot;&quot;,&quot;jet_parallax_layout_bg_y_mobile_extra&quot;:&quot;&quot;,&quot;jet_parallax_layout_bg_y_mobile&quot;:&quot;&quot;,&quot;jet_parallax_layout_bg_size_laptop&quot;:&quot;&quot;,&quot;jet_parallax_layout_bg_size_tablet_extra&quot;:&quot;&quot;,&quot;jet_parallax_layout_bg_size_tablet&quot;:&quot;&quot;,&quot;jet_parallax_layout_bg_size_mobile_extra&quot;:&quot;&quot;,&quot;jet_parallax_layout_bg_size_mobile&quot;:&quot;&quot;,&quot;jet_parallax_layout_on&quot;:[&quot;desktop&quot;,&quot;tablet&quot;]}],&quot;background_background&quot;:&quot;gradient&quot;}\">\n\t\t\t\t\t<div class=\"e-con-inner\">\n\t\t<div class=\"elementor-element elementor-element-fc9c09b e-con-full e-flex e-con e-child\" data-id=\"fc9c09b\" data-element_type=\"container\" data-e-type=\"container\" data-settings=\"{&quot;jet_parallax_layout_list&quot;:[]}\">\n\t\t\t\t<div class=\"elementor-element elementor-element-5d9ee0e elementor-widget elementor-widget-shortcode\" data-id=\"5d9ee0e\" data-element_type=\"widget\" data-e-type=\"widget\" data-widget_type=\"shortcode.default\">\n\t\t\t\t<div class=\"elementor-widget-container\">\n\t\t\t\t\t\t\t<div class=\"elementor-shortcode\"><div class=\"RVF_breadcrumb id_17599\"><span class=\"item\">The Francophonie to Discover<\/span><span class=\"separator\"> <i aria-hidden=\"true\" class=\"fal fa-angle-right\"><\/i> <\/span><\/div><\/div>\n\t\t\t\t\t\t<\/div>\n\t\t\t\t<\/div>\n\t\t\t\t<div class=\"elementor-element elementor-element-86995e4 elementor-widget elementor-widget-heading\" data-id=\"86995e4\" data-element_type=\"widget\" data-e-type=\"widget\" data-widget_type=\"heading.default\">\n\t\t\t\t<div class=\"elementor-widget-container\">\n\t\t\t\t\t<h2 class=\"elementor-heading-title elementor-size-default\">Playlist<\/h2>\t\t\t\t<\/div>\n\t\t\t\t<\/div>\n\t\t\t\t<\/div>\n\t\t\t\t\t<\/div>\n\t\t\t\t<\/div>\n\t\t<div class=\"elementor-element elementor-element-486bbb5f e-flex e-con-boxed e-con e-parent\" data-id=\"486bbb5f\" data-element_type=\"container\" data-e-type=\"container\" data-settings=\"{&quot;jet_parallax_layout_list&quot;:[]}\">\n\t\t\t\t\t<div class=\"e-con-inner\">\n\t\t<div class=\"elementor-element elementor-element-708d10e4 e-con-full e-flex e-con e-child\" data-id=\"708d10e4\" data-element_type=\"container\" data-e-type=\"container\" data-settings=\"{&quot;jet_parallax_layout_list&quot;:[]}\">\n\t\t\t\t<div class=\"elementor-element elementor-element-ef408f8 elementor-widget elementor-widget-heading\" data-id=\"ef408f8\" data-element_type=\"widget\" data-e-type=\"widget\" data-widget_type=\"heading.default\">\n\t\t\t\t<div class=\"elementor-widget-container\">\n\t\t\t\t\t<h2 class=\"elementor-heading-title elementor-size-default\">MUSIQC : Le son qui nous rassemble<\/h2>\t\t\t\t<\/div>\n\t\t\t\t<\/div>\n\t\t\t\t<div class=\"elementor-element elementor-element-5e0564d elementor-widget elementor-widget-text-editor\" data-id=\"5e0564d\" data-element_type=\"widget\" data-e-type=\"widget\" data-widget_type=\"text-editor.default\">\n\t\t\t\t<div class=\"elementor-widget-container\">\n\t\t\t\t\t\t\t\t\t<p>MUSIQC est un espace gratuit d\u2019\u00e9coute musicale d\u00e9di\u00e9 \u00e0 la promotion et \u00e0 la mise en valeur de la musique francophone. Reposant sur les contenus audio offerts par les plus grands services de musique en ligne, MUSIQC permet \u00e0 la musique francophone de trouver son public en ligne gr\u00e2ce \u00e0 un acc\u00e8s totalement gratuit, une exp\u00e9rience utilisateur intuitive, une programmation \u00e9ditoriale humaine et une proposition exclusive de musique francophone.<\/p>\n<p>Engag\u00e9e dans une approche collaborative et en d\u00e9ployant une initiative d\u2019envergure collective, MUSIQC favorise le rayonnement des artistes francophones, contribue au d\u00e9veloppement d\u2019une industrie francophone de la musique et renforce la place de la langue fran\u00e7aise dans la culture musicale pour le plus grand b\u00e9n\u00e9fice des francophones, des francophiles convaincus et en devenir, d\u2019aujourd\u2019hui et de demain.<\/p>\n\t\t\t\t\t\t\t\t<\/div>\n\t\t\t\t<\/div>\n\t\t<div class=\"elementor-element elementor-element-4f7146d e-con-full e-grid e-con e-child\" data-id=\"4f7146d\" data-element_type=\"container\" data-e-type=\"container\" data-settings=\"{&quot;jet_parallax_layout_list&quot;:[]}\">\n\t\t\t\t<div class=\"elementor-element elementor-element-7d8cd62 elementor-widget elementor-widget-image\" data-id=\"7d8cd62\" data-element_type=\"widget\" data-e-type=\"widget\" data-widget_type=\"image.default\">\n\t\t\t\t<div class=\"elementor-widget-container\">\n\t\t\t\t\t\t\t\t\t\t\t\t\t\t\t\t<a href=\"https:\/\/musiqc.ca\/listes-de-lecture\/lautomne-de-tous-les-possibles\" target=\"_blank\">\n\t\t\t\t\t\t\t<img decoding=\"async\" src=\"https:\/\/musiqc.ca\/_next\/image?url=https%3A%2F%2Fcms.musiqc.ca%2Fimages%2Fla-flamme-olympique-x-1223-y-4395-r-270.png&#038;w=1920&#038;q=75\" title=\"\" alt=\"\" loading=\"lazy\" \/>\t\t\t\t\t\t\t\t<\/a>\n\t\t\t\t\t\t\t\t\t\t\t\t\t\t\t<\/div>\n\t\t\t\t<\/div>\n\t\t\t\t<div class=\"elementor-element elementor-element-d313933 elementor-widget elementor-widget-image\" data-id=\"d313933\" data-element_type=\"widget\" data-e-type=\"widget\" data-widget_type=\"image.default\">\n\t\t\t\t<div class=\"elementor-widget-container\">\n\t\t\t\t\t\t\t\t\t\t\t\t\t\t\t\t<a href=\"https:\/\/musiqc.ca\/listes-de-lecture\/francophone-dun-ocean-a-lautre\" target=\"_blank\">\n\t\t\t\t\t\t\t<img decoding=\"async\" src=\"https:\/\/musiqc.ca\/_next\/image?url=https%3A%2F%2Fcms.musiqc.ca%2Fimages%2Fenweille-dehors-x-671-y-3617-r-90.png&#038;w=1920&#038;q=75\" title=\"\" alt=\"\" loading=\"lazy\" \/>\t\t\t\t\t\t\t\t<\/a>\n\t\t\t\t\t\t\t\t\t\t\t\t\t\t\t<\/div>\n\t\t\t\t<\/div>\n\t\t\t\t<div class=\"elementor-element elementor-element-346dd37 elementor-widget elementor-widget-image\" data-id=\"346dd37\" data-element_type=\"widget\" data-e-type=\"widget\" data-widget_type=\"image.default\">\n\t\t\t\t<div class=\"elementor-widget-container\">\n\t\t\t\t\t\t\t\t\t\t\t\t\t\t\t\t<a href=\"https:\/\/musiqc.ca\/listes-de-lecture\/le-temps-des-pommes\" target=\"_blank\">\n\t\t\t\t\t\t\t<img decoding=\"async\" src=\"https:\/\/musiqc.ca\/_next\/image?url=https%3A%2F%2Fcms.musiqc.ca%2Fimages%2Fmusiques-autochtones-actuelles-x-2759-y-2975-r-90.png&#038;w=3840&#038;q=75\" title=\"\" alt=\"\" loading=\"lazy\" \/>\t\t\t\t\t\t\t\t<\/a>\n\t\t\t\t\t\t\t\t\t\t\t\t\t\t\t<\/div>\n\t\t\t\t<\/div>\n\t\t\t\t<\/div>\n\t\t\t\t<div class=\"elementor-element elementor-element-a2b480b elementor-widget elementor-widget-button\" data-id=\"a2b480b\" data-element_type=\"widget\" data-e-type=\"widget\" data-widget_type=\"button.default\">\n\t\t\t\t<div class=\"elementor-widget-container\">\n\t\t\t\t\t\t\t\t\t<div class=\"elementor-button-wrapper\">\n\t\t\t\t\t<a class=\"elementor-button elementor-button-link elementor-size-sm\" href=\"https:\/\/musiqc.ca\/\" target=\"_blank\">\n\t\t\t\t\t\t<span class=\"elementor-button-content-wrapper\">\n\t\t\t\t\t\t\t\t\t<span class=\"elementor-button-text\">Discover<\/span>\n\t\t\t\t\t<\/span>\n\t\t\t\t\t<\/a>\n\t\t\t\t<\/div>\n\t\t\t\t\t\t\t\t<\/div>\n\t\t\t\t<\/div>\n\t\t\t\t<div class=\"elementor-element elementor-element-13126bb elementor-widget elementor-widget-heading\" data-id=\"13126bb\" data-element_type=\"widget\" data-e-type=\"widget\" data-widget_type=\"heading.default\">\n\t\t\t\t<div class=\"elementor-widget-container\">\n\t\t\t\t\t<h2 class=\"elementor-heading-title elementor-size-default\">APCM<\/h2>\t\t\t\t<\/div>\n\t\t\t\t<\/div>\n\t\t\t\t<div class=\"elementor-element elementor-element-09c00be elementor-widget elementor-widget-text-editor\" data-id=\"09c00be\" data-element_type=\"widget\" data-e-type=\"widget\" data-widget_type=\"text-editor.default\">\n\t\t\t\t<div class=\"elementor-widget-container\">\n\t\t\t\t\t\t\t\t\t<p>Created by the APCM (Association des Professionnels de la Chanson et de la Musique), discover the latest releases from French-speaking member artists on this playlist!<\/p>\n\t\t\t\t\t\t\t\t<\/div>\n\t\t\t\t<\/div>\n\t\t\t\t<div class=\"elementor-element elementor-element-19c493f elementor-widget elementor-widget-html\" data-id=\"19c493f\" data-element_type=\"widget\" data-e-type=\"widget\" data-widget_type=\"html.default\">\n\t\t\t\t<div class=\"elementor-widget-container\">\n\t\t\t\t\t<iframe style=\"border-radius:12px\" src=\"https:\/\/open.spotify.com\/embed\/playlist\/6o9xBR1nDUOrqesydB4oJl?utm_source=generator\" width=\"100%\" height=\"952\" frameBorder=\"0\" allowfullscreen=\"\" allow=\"autoplay; clipboard-write; encrypted-media; fullscreen; picture-in-picture\" loading=\"lazy\"><\/iframe>\t\t\t\t<\/div>\n\t\t\t\t<\/div>\n\t\t\t\t<\/div>\n\t\t<div class=\"elementor-element elementor-element-41c957cf e-con-full e-flex e-con e-child\" data-id=\"41c957cf\" data-element_type=\"container\" data-e-type=\"container\" data-settings=\"{&quot;background_background&quot;:&quot;classic&quot;,&quot;jet_parallax_layout_list&quot;:[]}\">\n\t\t\t\t<div class=\"elementor-element elementor-element-5cfd38d2 centered-ad elementor-widget__width-inherit elementor-widget-mobile__width-initial elementor-widget elementor-widget-template\" data-id=\"5cfd38d2\" data-element_type=\"widget\" data-e-type=\"widget\" data-widget_type=\"template.default\">\n\t\t\t\t<div class=\"elementor-widget-container\">\n\t\t\t\t\t\t\t<div class=\"elementor-template\">\n\t\t\t\t\t<div data-elementor-type=\"section\" data-elementor-id=\"6713\" class=\"elementor elementor-6713 elementor-1823 elementor-1823\" data-elementor-post-type=\"elementor_library\">\n\t\t\t<div class=\"elementor-element elementor-element-8981e40 pubs-sidebar e-flex e-con-boxed e-con e-parent\" data-id=\"8981e40\" data-element_type=\"container\" data-e-type=\"container\" data-settings=\"{&quot;jet_parallax_layout_list&quot;:[{&quot;jet_parallax_layout_image&quot;:{&quot;url&quot;:&quot;&quot;,&quot;id&quot;:&quot;&quot;,&quot;size&quot;:&quot;&quot;},&quot;_id&quot;:&quot;aff2b66&quot;,&quot;jet_parallax_layout_image_laptop&quot;:{&quot;url&quot;:&quot;&quot;,&quot;id&quot;:&quot;&quot;,&quot;size&quot;:&quot;&quot;},&quot;jet_parallax_layout_image_tablet_extra&quot;:{&quot;url&quot;:&quot;&quot;,&quot;id&quot;:&quot;&quot;,&quot;size&quot;:&quot;&quot;},&quot;jet_parallax_layout_image_tablet&quot;:{&quot;url&quot;:&quot;&quot;,&quot;id&quot;:&quot;&quot;,&quot;size&quot;:&quot;&quot;},&quot;jet_parallax_layout_image_mobile_extra&quot;:{&quot;url&quot;:&quot;&quot;,&quot;id&quot;:&quot;&quot;,&quot;size&quot;:&quot;&quot;},&quot;jet_parallax_layout_image_mobile&quot;:{&quot;url&quot;:&quot;&quot;,&quot;id&quot;:&quot;&quot;,&quot;size&quot;:&quot;&quot;},&quot;jet_parallax_layout_speed&quot;:{&quot;unit&quot;:&quot;%&quot;,&quot;size&quot;:50,&quot;sizes&quot;:[]},&quot;jet_parallax_layout_type&quot;:&quot;scroll&quot;,&quot;jet_parallax_layout_direction&quot;:&quot;1&quot;,&quot;jet_parallax_layout_fx_direction&quot;:null,&quot;jet_parallax_layout_z_index&quot;:&quot;&quot;,&quot;jet_parallax_layout_bg_x&quot;:50,&quot;jet_parallax_layout_bg_x_laptop&quot;:&quot;&quot;,&quot;jet_parallax_layout_bg_x_tablet_extra&quot;:&quot;&quot;,&quot;jet_parallax_layout_bg_x_tablet&quot;:&quot;&quot;,&quot;jet_parallax_layout_bg_x_mobile_extra&quot;:&quot;&quot;,&quot;jet_parallax_layout_bg_x_mobile&quot;:&quot;&quot;,&quot;jet_parallax_layout_bg_y&quot;:50,&quot;jet_parallax_layout_bg_y_laptop&quot;:&quot;&quot;,&quot;jet_parallax_layout_bg_y_tablet_extra&quot;:&quot;&quot;,&quot;jet_parallax_layout_bg_y_tablet&quot;:&quot;&quot;,&quot;jet_parallax_layout_bg_y_mobile_extra&quot;:&quot;&quot;,&quot;jet_parallax_layout_bg_y_mobile&quot;:&quot;&quot;,&quot;jet_parallax_layout_bg_size&quot;:&quot;auto&quot;,&quot;jet_parallax_layout_bg_size_laptop&quot;:&quot;&quot;,&quot;jet_parallax_layout_bg_size_tablet_extra&quot;:&quot;&quot;,&quot;jet_parallax_layout_bg_size_tablet&quot;:&quot;&quot;,&quot;jet_parallax_layout_bg_size_mobile_extra&quot;:&quot;&quot;,&quot;jet_parallax_layout_bg_size_mobile&quot;:&quot;&quot;,&quot;jet_parallax_layout_animation_prop&quot;:&quot;transform&quot;,&quot;jet_parallax_layout_on&quot;:[&quot;desktop&quot;,&quot;tablet&quot;]}]}\">\n\t\t\t\t\t<div class=\"e-con-inner\">\n\t\t\t\t<div class=\"elementor-element elementor-element-bf7ac11 elementor-widget elementor-widget-shortcode\" data-id=\"bf7ac11\" data-element_type=\"widget\" data-e-type=\"widget\" data-widget_type=\"shortcode.default\">\n\t\t\t\t<div class=\"elementor-widget-container\">\n\t\t\t\t\t\t\t<div class=\"elementor-shortcode\"><div class=\"g g-11\"><div class=\"g-dyn a-15 c-1\"><a onClick=\"dataLayer.push({'event': 'AdRotatePro', 'advert_interaction': 'click', 'advert_name': 'Portail linguistique - EN'});\" href=\"https:\/\/nos-langues.canada.ca\/en\/jeu-quiz\/index-eng\" target=\"_blank\"><img decoding=\"async\" src=\"https:\/\/rvf.ca\/wp-content\/pubs\/2026\/platine\/portail-platine-en.gif\" \/><\/a><img decoding=\"async\" class=\"pixel\" style=\"width:0 !important; height:0 !important;\" width=\"0\" height=\"0\" src=\"data:image\/gif;base64,R0lGODlhAQABAIAAAP\/\/\/\/\/\/\/yH5BAEKAAEALAAAAAABAAEAAAICTAEAOw==\" onload=\"dataLayer.push({'event': 'AdRotatePro', 'advert_interaction': 'impression', 'advert_name': 'Portail linguistique - EN'});\" alt=\"\" \/><\/div><div class=\"g-dyn a-28 c-2\"><a onClick=\"dataLayer.push({'event': 'AdRotatePro', 'advert_interaction': 'click', 'advert_name': 'Air Canada - EN'});\" href=\"https:\/\/www.aircanada.com\/home\/ca\/en\/aco\/flights?acid=EXT:RFR:CR:SOC:ReseauDialogue:Banner:Eng\" target=\"_blank\"><img decoding=\"async\" src=\"https:\/\/rvf.ca\/wp-content\/pubs\/2026\/platine\/air-canada-platine-en.jpg\" \/><\/a><img decoding=\"async\" class=\"pixel\" style=\"width:0 !important; height:0 !important;\" width=\"0\" height=\"0\" src=\"data:image\/gif;base64,R0lGODlhAQABAIAAAP\/\/\/\/\/\/\/yH5BAEKAAEALAAAAAABAAEAAAICTAEAOw==\" onload=\"dataLayer.push({'event': 'AdRotatePro', 'advert_interaction': 'impression', 'advert_name': 'Air Canada - EN'});\" alt=\"\" \/><\/div><div class=\"g-dyn a-18 c-3\"><a onClick=\"dataLayer.push({'event': 'AdRotatePro', 'advert_interaction': 'click', 'advert_name': 'Nav Canada - EN'});\" href=\"https:\/\/www.navcanada.ca\/en\/careers.aspx\" target=\"_blank\"><img decoding=\"async\" src=\"https:\/\/rvf.ca\/wp-content\/pubs\/2026\/or\/nav-canada-en-or.png\" \/><\/a><img decoding=\"async\" class=\"pixel\" style=\"width:0 !important; height:0 !important;\" width=\"0\" height=\"0\" src=\"data:image\/gif;base64,R0lGODlhAQABAIAAAP\/\/\/\/\/\/\/yH5BAEKAAEALAAAAAABAAEAAAICTAEAOw==\" onload=\"dataLayer.push({'event': 'AdRotatePro', 'advert_interaction': 'impression', 'advert_name': 'Nav Canada - EN'});\" alt=\"\" \/><\/div><div class=\"g-dyn a-32 c-4\"><a onClick=\"dataLayer.push({'event': 'AdRotatePro', 'advert_interaction': 'click', 'advert_name': 'ONF - EN'});\" href=\"http:\/\/www.nfb.ca\/rvf\" target=\"_blank\"><img decoding=\"async\" src=\"https:\/\/rvf.ca\/wp-content\/pubs\/2025\/or\/onf-or-en.jpg\" \/><\/a><img loading=\"lazy\" decoding=\"async\" class=\"pixel\" style=\"width:0 !important; height:0 !important;\" width=\"0\" height=\"0\" src=\"data:image\/gif;base64,R0lGODlhAQABAIAAAP\/\/\/\/\/\/\/yH5BAEKAAEALAAAAAABAAEAAAICTAEAOw==\" onload=\"dataLayer.push({'event': 'AdRotatePro', 'advert_interaction': 'impression', 'advert_name': 'ONF - EN'});\" alt=\"\" \/><\/div><\/div><\/div>\n\t\t\t\t\t\t<\/div>\n\t\t\t\t<\/div>\n\t\t\t\t<div class=\"elementor-element elementor-element-ace3115 elementor-widget elementor-widget-shortcode\" data-id=\"ace3115\" data-element_type=\"widget\" data-e-type=\"widget\" data-widget_type=\"shortcode.default\">\n\t\t\t\t<div class=\"elementor-widget-container\">\n\t\t\t\t\t\t\t<div class=\"elementor-shortcode\"><div class=\"g g-16\"><div class=\"g-dyn a-55 c-1\"><a onClick=\"dataLayer.push({'event': 'AdRotatePro', 'advert_interaction': 'click', 'advert_name': 'TFO - EN'});\" href=\"https:\/\/www.tfo.org\/\" target=\"_blank\"><img decoding=\"async\" src=\"https:\/\/rvf.ca\/wp-content\/pubs\/2024\/argent\/tfo-argent-en.png\" \/><\/a><img loading=\"lazy\" decoding=\"async\" class=\"pixel\" style=\"width:0 !important; height:0 !important;\" width=\"0\" height=\"0\" src=\"data:image\/gif;base64,R0lGODlhAQABAIAAAP\/\/\/\/\/\/\/yH5BAEKAAEALAAAAAABAAEAAAICTAEAOw==\" onload=\"dataLayer.push({'event': 'AdRotatePro', 'advert_interaction': 'impression', 'advert_name': 'TFO - EN'});\" alt=\"\" \/><\/div><div class=\"g-dyn a-16 c-2\"><a onClick=\"dataLayer.push({'event': 'AdRotatePro', 'advert_interaction': 'click', 'advert_name': 'Unis TV'});\" href=\"https:\/\/www.tv5unis.ca\" target=\"_blank\"><img decoding=\"async\" src=\"https:\/\/rvf.ca\/wp-content\/pubs\/2026\/argent\/tv5-unis-argent.jpg\" \/><\/a><img loading=\"lazy\" decoding=\"async\" class=\"pixel\" style=\"width:0 !important; height:0 !important;\" width=\"0\" height=\"0\" src=\"data:image\/gif;base64,R0lGODlhAQABAIAAAP\/\/\/\/\/\/\/yH5BAEKAAEALAAAAAABAAEAAAICTAEAOw==\" onload=\"dataLayer.push({'event': 'AdRotatePro', 'advert_interaction': 'impression', 'advert_name': 'Unis TV'});\" alt=\"\" \/><\/div><\/div><\/div>\n\t\t\t\t\t\t<\/div>\n\t\t\t\t<\/div>\n\t\t\t\t<div class=\"elementor-element elementor-element-602ebee elementor-widget elementor-widget-shortcode\" data-id=\"602ebee\" data-element_type=\"widget\" data-e-type=\"widget\" data-widget_type=\"shortcode.default\">\n\t\t\t\t<div class=\"elementor-widget-container\">\n\t\t\t\t\t\t\t<div class=\"elementor-shortcode\"><div class=\"g g-17\"><div class=\"g-dyn a-46 c-1\"><a onClick=\"dataLayer.push({'event': 'AdRotatePro', 'advert_interaction': 'click', 'advert_name': 'CPF'});\" href=\"https:\/\/cpf.ca\/en\/french-footprints-parent-resource-hub\/\" target=\"_blank\"><img decoding=\"async\" src=\"https:\/\/rvf.ca\/wp-content\/pubs\/2026\/bronze\/CPF-bronze.png\" \/><\/a><img loading=\"lazy\" decoding=\"async\" class=\"pixel\" style=\"width:0 !important; height:0 !important;\" width=\"0\" height=\"0\" src=\"data:image\/gif;base64,R0lGODlhAQABAIAAAP\/\/\/\/\/\/\/yH5BAEKAAEALAAAAAABAAEAAAICTAEAOw==\" onload=\"dataLayer.push({'event': 'AdRotatePro', 'advert_interaction': 'impression', 'advert_name': 'CPF'});\" alt=\"\" \/><\/div><div class=\"g-dyn a-57 c-2\"><a onClick=\"dataLayer.push({'event': 'AdRotatePro', 'advert_interaction': 'click', 'advert_name': 'Parcs Canada - EN'});\" href=\"https:\/\/parks.canada.ca\/\" target=\"_blank\"><img decoding=\"async\" src=\"https:\/\/rvf.ca\/wp-content\/pubs\/2026\/bronze\/parcs-canada-bronze-en.png\" \/><\/a><img loading=\"lazy\" decoding=\"async\" class=\"pixel\" style=\"width:0 !important; height:0 !important;\" width=\"0\" height=\"0\" src=\"data:image\/gif;base64,R0lGODlhAQABAIAAAP\/\/\/\/\/\/\/yH5BAEKAAEALAAAAAABAAEAAAICTAEAOw==\" onload=\"dataLayer.push({'event': 'AdRotatePro', 'advert_interaction': 'impression', 'advert_name': 'Parcs Canada - EN'});\" alt=\"\" \/><\/div><div class=\"g-dyn a-19 c-3\"><a onClick=\"dataLayer.push({'event': 'AdRotatePro', 'advert_interaction': 'click', 'advert_name': 'Postes Canada - FR'});\" href=\"https:\/\/www.canadapost-postescanada.ca\/cpc\/en\/home.page\" target=\"_blank\"><img decoding=\"async\" src=\"https:\/\/rvf.ca\/wp-content\/pubs\/2026\/bronze\/postes-canada-bronze.jpg\" \/><\/a><img loading=\"lazy\" decoding=\"async\" class=\"pixel\" style=\"width:0 !important; height:0 !important;\" width=\"0\" height=\"0\" src=\"data:image\/gif;base64,R0lGODlhAQABAIAAAP\/\/\/\/\/\/\/yH5BAEKAAEALAAAAAABAAEAAAICTAEAOw==\" onload=\"dataLayer.push({'event': 'AdRotatePro', 'advert_interaction': 'impression', 'advert_name': 'Postes Canada - FR'});\" alt=\"\" \/><\/div><div class=\"g-dyn a-45 c-4\"><a onClick=\"dataLayer.push({'event': 'AdRotatePro', 'advert_interaction': 'click', 'advert_name': 'CEPEO'});\" href=\"https:\/\/cepeo.on.ca\/francophonie\/\" target=\"_blank\"><img decoding=\"async\" src=\"https:\/\/rvf.ca\/wp-content\/pubs\/2026\/bronze\/CEPEO-bronze.jpg\" \/><\/a><img loading=\"lazy\" decoding=\"async\" class=\"pixel\" style=\"width:0 !important; height:0 !important;\" width=\"0\" height=\"0\" src=\"data:image\/gif;base64,R0lGODlhAQABAIAAAP\/\/\/\/\/\/\/yH5BAEKAAEALAAAAAABAAEAAAICTAEAOw==\" onload=\"dataLayer.push({'event': 'AdRotatePro', 'advert_interaction': 'impression', 'advert_name': 'CEPEO'});\" alt=\"\" \/><\/div><div class=\"g-dyn a-51 c-5\"><a onClick=\"dataLayer.push({'event': 'AdRotatePro', 'advert_interaction': 'click', 'advert_name': 'Universit\u00e9 Sainte-Anne'});\" href=\"https:\/\/www.usainteanne.ca\/\" target=\"_blank\"><img decoding=\"async\" src=\"https:\/\/rvf.ca\/wp-content\/pubs\/2024\/bronze\/u-saint-anne-bronze.gif\" \/><\/a><img loading=\"lazy\" decoding=\"async\" class=\"pixel\" style=\"width:0 !important; height:0 !important;\" width=\"0\" height=\"0\" src=\"data:image\/gif;base64,R0lGODlhAQABAIAAAP\/\/\/\/\/\/\/yH5BAEKAAEALAAAAAABAAEAAAICTAEAOw==\" onload=\"dataLayer.push({'event': 'AdRotatePro', 'advert_interaction': 'impression', 'advert_name': 'Universit\u00e9 Sainte-Anne'});\" alt=\"\" \/><\/div><div class=\"g-dyn a-42 c-6\"><a onClick=\"dataLayer.push({'event': 'AdRotatePro', 'advert_interaction': 'click', 'advert_name': 'uOttawa'});\" href=\"https:\/\/www.uottawa.ca\/fr\" target=\"_blank\"><img decoding=\"async\" src=\"https:\/\/rvf.ca\/wp-content\/pubs\/2026\/bronze\/Uottawa-bronze.png\" \/><\/a><img loading=\"lazy\" decoding=\"async\" class=\"pixel\" style=\"width:0 !important; height:0 !important;\" width=\"0\" height=\"0\" src=\"data:image\/gif;base64,R0lGODlhAQABAIAAAP\/\/\/\/\/\/\/yH5BAEKAAEALAAAAAABAAEAAAICTAEAOw==\" onload=\"dataLayer.push({'event': 'AdRotatePro', 'advert_interaction': 'impression', 'advert_name': 'uOttawa'});\" alt=\"\" \/><\/div><div class=\"g-dyn a-59 c-7\"><a onClick=\"dataLayer.push({'event': 'AdRotatePro', 'advert_interaction': 'click', 'advert_name': 'APCM'});\" href=\"https:\/\/www.apcm.ca\/\" target=\"_blank\"><img decoding=\"async\" src=\"https:\/\/rvf.ca\/wp-content\/pubs\/2026\/bronze\/apcm-bronze.jpeg\" \/><\/a><img loading=\"lazy\" decoding=\"async\" class=\"pixel\" style=\"width:0 !important; height:0 !important;\" width=\"0\" height=\"0\" src=\"data:image\/gif;base64,R0lGODlhAQABAIAAAP\/\/\/\/\/\/\/yH5BAEKAAEALAAAAAABAAEAAAICTAEAOw==\" onload=\"dataLayer.push({'event': 'AdRotatePro', 'advert_interaction': 'impression', 'advert_name': 'APCM'});\" alt=\"\" \/><\/div><div class=\"g-dyn a-22 c-8\"><a onClick=\"dataLayer.push({'event': 'AdRotatePro', 'advert_interaction': 'click', 'advert_name': 'CECCE'});\" href=\"https:\/\/www.ecolecatholique.ca\/fr\/Inscription_218\/Inscription_1371\" target=\"_blank\"><img decoding=\"async\" src=\"https:\/\/rvf.ca\/wp-content\/pubs\/2026\/bronze\/ECCE-bronze.gif\" \/><\/a><img loading=\"lazy\" decoding=\"async\" class=\"pixel\" style=\"width:0 !important; height:0 !important;\" width=\"0\" height=\"0\" src=\"data:image\/gif;base64,R0lGODlhAQABAIAAAP\/\/\/\/\/\/\/yH5BAEKAAEALAAAAAABAAEAAAICTAEAOw==\" onload=\"dataLayer.push({'event': 'AdRotatePro', 'advert_interaction': 'impression', 'advert_name': 'CECCE'});\" alt=\"\" \/><\/div><\/div><\/div>\n\t\t\t\t\t\t<\/div>\n\t\t\t\t<\/div>\n\t\t\t\t\t<\/div>\n\t\t\t\t<\/div>\n\t\t\t\t<\/div>\n\t\t\t\t<\/div>\n\t\t\t\t\t\t<\/div>\n\t\t\t\t<\/div>\n\t\t\t\t<\/div>\n\t\t\t\t\t<\/div>\n\t\t\t\t<\/div>\n\t\t\t\t<\/div>\n\t\t","protected":false},"excerpt":{"rendered":"<p>Playlist MUSIQC : Le son qui nous rassemble MUSIQC est un espace gratuit d\u2019\u00e9coute musicale d\u00e9di\u00e9 \u00e0 la promotion et \u00e0 la mise en valeur de la musique francophone. Reposant sur les contenus audio offerts par les plus grands services de musique en ligne, MUSIQC permet \u00e0 la musique francophone de trouver son public en [&hellip;]<\/p>\n","protected":false},"author":1,"featured_media":26547,"parent":18622,"menu_order":4,"comment_status":"closed","ping_status":"closed","template":"","meta":{"_seopress_robots_primary_cat":"","_seopress_titles_title":"","_seopress_titles_desc":"","_seopress_robots_index":"","footnotes":""},"class_list":["post-17599","page","type-page","status-publish","has-post-thumbnail","hentry"],"_links":{"self":[{"href":"https:\/\/rvf.ca\/en\/wp-json\/wp\/v2\/pages\/17599","targetHints":{"allow":["GET"]}}],"collection":[{"href":"https:\/\/rvf.ca\/en\/wp-json\/wp\/v2\/pages"}],"about":[{"href":"https:\/\/rvf.ca\/en\/wp-json\/wp\/v2\/types\/page"}],"author":[{"embeddable":true,"href":"https:\/\/rvf.ca\/en\/wp-json\/wp\/v2\/users\/1"}],"replies":[{"embeddable":true,"href":"https:\/\/rvf.ca\/en\/wp-json\/wp\/v2\/comments?post=17599"}],"version-history":[{"count":7,"href":"https:\/\/rvf.ca\/en\/wp-json\/wp\/v2\/pages\/17599\/revisions"}],"predecessor-version":[{"id":35647,"href":"https:\/\/rvf.ca\/en\/wp-json\/wp\/v2\/pages\/17599\/revisions\/35647"}],"up":[{"embeddable":true,"href":"https:\/\/rvf.ca\/en\/wp-json\/wp\/v2\/pages\/18622"}],"wp:featuredmedia":[{"embeddable":true,"href":"https:\/\/rvf.ca\/en\/wp-json\/wp\/v2\/media\/26547"}],"wp:attachment":[{"href":"https:\/\/rvf.ca\/en\/wp-json\/wp\/v2\/media?parent=17599"}],"curies":[{"name":"wp","href":"https:\/\/api.w.org\/{rel}","templated":true}]}}